{"id":822,"date":"2025-10-13T04:51:09","date_gmt":"2025-10-13T04:51:09","guid":{"rendered":"http:\/\/xcare-demo.pbminfotech.com\/demo1\/?page_id=4590"},"modified":"2025-10-14T22:14:16","modified_gmt":"2025-10-14T22:14:16","slug":"activitees","status":"publish","type":"page","link":"https:\/\/lamddk.com\/en\/activitees\/","title":{"rendered":"Activit\u00e9es"},"content":{"rendered":"<div data-elementor-type=\"wp-page\" data-elementor-id=\"822\" class=\"elementor elementor-822\" data-elementor-post-type=\"page\">\n\t\t\t\t\t\t<section class=\"elementor-section elementor-top-section elementor-element elementor-element-e7ed0e6 pbmit-col-stretched-none pbmit-bg-color-over-image elementor-section-boxed elementor-section-height-default elementor-section-height-default\" data-id=\"e7ed0e6\" data-element_type=\"section\" data-e-type=\"section\">\n\t\t\t\t\t\t<div class=\"elementor-container elementor-column-gap-default\">\n\t\t\t\t\t<div class=\"elementor-column elementor-col-100 elementor-top-column elementor-element elementor-element-95268a1 pbmit-bg-color-over-image\" data-id=\"95268a1\" data-element_type=\"column\" data-e-type=\"column\">\n\t\t\t<div class=\"elementor-widget-wrap elementor-element-populated\">\n\t\t\t\t\t\t<div class=\"elementor-element elementor-element-6da1be8 elementor-widget elementor-widget-heading\" data-id=\"6da1be8\" data-element_type=\"widget\" data-e-type=\"widget\" data-widget_type=\"heading.default\">\n\t\t\t\t<div class=\"elementor-widget-container\">\n\t\t\t\t\t<h2 class=\"elementor-heading-title elementor-size-default\"><img decoding=\"async\" role=\"img\" class=\"emoji\" alt=\"\ud83c\udf80\" src=\"https:\/\/s.w.org\/images\/core\/emoji\/16.0.1\/svg\/1f380.svg\"> Octobre Rose : Ensemble contre le cancer du sein <\/h2>\t\t\t\t<\/div>\n\t\t\t\t<\/div>\n\t\t\t\t\t<\/div>\n\t\t<\/div>\n\t\t\t\t\t<\/div>\n\t\t<\/section>\n\t\t\t\t<section class=\"elementor-section elementor-top-section elementor-element elementor-element-ee20fd8 pbmit-col-stretched-none pbmit-bg-color-over-image elementor-section-boxed elementor-section-height-default elementor-section-height-default\" data-id=\"ee20fd8\" data-element_type=\"section\" data-e-type=\"section\">\n\t\t\t\t\t\t<div class=\"elementor-container elementor-column-gap-default\">\n\t\t\t\t\t<div class=\"elementor-column elementor-col-100 elementor-top-column elementor-element elementor-element-d60afb3 pbmit-bg-color-over-image\" data-id=\"d60afb3\" data-element_type=\"column\" data-e-type=\"column\">\n\t\t\t<div class=\"elementor-widget-wrap elementor-element-populated\">\n\t\t\t\t\t\t<div class=\"elementor-element elementor-element-a9bbb1c elementor-widget elementor-widget-heading\" data-id=\"a9bbb1c\" data-element_type=\"widget\" data-e-type=\"widget\" data-widget_type=\"heading.default\">\n\t\t\t\t<div class=\"elementor-widget-container\">\n\t\t\t\t\t<h5 class=\"elementor-heading-title elementor-size-default\">15-10-2025<\/h5>\t\t\t\t<\/div>\n\t\t\t\t<\/div>\n\t\t\t\t\t<\/div>\n\t\t<\/div>\n\t\t\t\t\t<\/div>\n\t\t<\/section>\n\t\t\t\t<section class=\"elementor-section elementor-top-section elementor-element elementor-element-0b4e861 pbmit-col-stretched-none pbmit-bg-color-over-image elementor-section-boxed elementor-section-height-default elementor-section-height-default\" data-id=\"0b4e861\" data-element_type=\"section\" data-e-type=\"section\">\n\t\t\t\t\t\t<div class=\"elementor-container elementor-column-gap-default\">\n\t\t\t\t\t<div class=\"elementor-column elementor-col-100 elementor-top-column elementor-element elementor-element-699215f pbmit-bg-color-over-image\" data-id=\"699215f\" data-element_type=\"column\" data-e-type=\"column\">\n\t\t\t<div class=\"elementor-widget-wrap elementor-element-populated\">\n\t\t\t\t\t\t<div class=\"elementor-element elementor-element-33438ba elementor-widget elementor-widget-spacer\" data-id=\"33438ba\" data-element_type=\"widget\" data-e-type=\"widget\" data-widget_type=\"spacer.default\">\n\t\t\t\t<div class=\"elementor-widget-container\">\n\t\t\t\t\t\t\t<div class=\"elementor-spacer\">\n\t\t\t<div class=\"elementor-spacer-inner\"><\/div>\n\t\t<\/div>\n\t\t\t\t\t\t<\/div>\n\t\t\t\t<\/div>\n\t\t\t\t\t<\/div>\n\t\t<\/div>\n\t\t\t\t\t<\/div>\n\t\t<\/section>\n\t\t\t\t<section class=\"elementor-section elementor-top-section elementor-element elementor-element-9956586 pbmit-col-stretched-none pbmit-bg-color-over-image elementor-section-boxed elementor-section-height-default elementor-section-height-default\" data-id=\"9956586\" data-element_type=\"section\" data-e-type=\"section\">\n\t\t\t\t\t\t<div class=\"elementor-container elementor-column-gap-default\">\n\t\t\t\t\t<div class=\"elementor-column elementor-col-50 elementor-top-column elementor-element elementor-element-b8644cc pbmit-bg-color-over-image\" data-id=\"b8644cc\" data-element_type=\"column\" data-e-type=\"column\">\n\t\t\t<div class=\"elementor-widget-wrap elementor-element-populated\">\n\t\t\t\t\t\t<div class=\"elementor-element elementor-element-d816705 elementor-widget elementor-widget-video\" data-id=\"d816705\" data-element_type=\"widget\" data-e-type=\"widget\" data-settings=\"{&quot;video_type&quot;:&quot;hosted&quot;,&quot;show_image_overlay&quot;:&quot;yes&quot;,&quot;image_overlay&quot;:{&quot;url&quot;:&quot;https:\\\/\\\/lamddk.com\\\/wp-content\\\/uploads\\\/2025\\\/10\\\/Octobre-Rose.png&quot;,&quot;id&quot;:4787,&quot;size&quot;:&quot;&quot;,&quot;alt&quot;:&quot;&quot;,&quot;source&quot;:&quot;library&quot;},&quot;controls&quot;:&quot;yes&quot;}\" data-widget_type=\"video.default\">\n\t\t\t\t<div class=\"elementor-widget-container\">\n\t\t\t\t\t\t\t<div class=\"e-hosted-video elementor-wrapper elementor-open-inline\">\n\t\t\t\t\t<video class=\"elementor-video\" src=\"https:\/\/lamddk.com\/wp-content\/uploads\/2025\/10\/558007349_1195967609243472_8323006495440937977_n.mp4\" controls=\"\" preload=\"metadata\" controlslist=\"nodownload\" poster=\"https:\/\/lamddk.com\/wp-content\/uploads\/2025\/10\/Octobre-Rose-e1760479792462.png\"><\/video>\n\t\t\t\t\t\t<div class=\"elementor-custom-embed-image-overlay\" style=\"background-image: url(https:\/\/lamddk.com\/wp-content\/uploads\/2025\/10\/Octobre-Rose-e1760479792462.png);\">\n\t\t\t\t\t\t\t\t\t\t\t\t\t\t\t\t<div class=\"elementor-custom-embed-play\" role=\"button\" aria-label=\"\u062a\u0634\u063a\u064a\u0644 \u0627\u0644\u0641\u064a\u062f\u064a\u0648\" tabindex=\"0\" data-no-translation-aria-label=\"\">\n\t\t\t\t\t\t\t<svg aria-hidden=\"true\" class=\"e-font-icon-svg e-eicon-play\" viewbox=\"0 0 1000 1000\" xmlns=\"http:\/\/www.w3.org\/2000\/svg\"><path d=\"M838 162C746 71 633 25 500 25 371 25 258 71 163 162 71 254 25 367 25 500 25 633 71 746 163 837 254 929 367 979 500 979 633 979 746 933 838 837 929 746 975 633 975 500 975 367 929 254 838 162M808 192C892 279 933 379 933 500 933 621 892 725 808 808 725 892 621 938 500 938 379 938 279 896 196 808 113 725 67 621 67 500 67 379 108 279 196 192 279 108 383 62 500 62 621 62 721 108 808 192M438 392V642L642 517 438 392Z\"><\/path><\/svg>\t\t\t\t\t\t<\/div>\n\t\t\t\t\t\t\t\t\t<\/div>\n\t\t\t\t\t<\/div>\n\t\t\t\t\t\t<\/div>\n\t\t\t\t<\/div>\n\t\t\t\t\t<\/div>\n\t\t<\/div>\n\t\t\t\t<div class=\"elementor-column elementor-col-50 elementor-top-column elementor-element elementor-element-aa38aa9 pbmit-bg-color-over-image\" data-id=\"aa38aa9\" data-element_type=\"column\" data-e-type=\"column\">\n\t\t\t<div class=\"elementor-widget-wrap elementor-element-populated\">\n\t\t\t\t\t\t<div class=\"elementor-element elementor-element-7ae2888 elementor-widget elementor-widget-text-editor\" data-id=\"7ae2888\" data-element_type=\"widget\" data-e-type=\"widget\" data-widget_type=\"text-editor.default\">\n\t\t\t\t<div class=\"elementor-widget-container\">\n\t\t\t\t\t\t\t\t\t<p data-start=\"187\" data-end=\"435\">Chaque mois d\u2019octobre, <strong data-start=\"210\" data-end=\"226\">Octobre Rose<\/strong> nous rappelle l\u2019importance de <strong data-start=\"257\" data-end=\"321\">prendre soin de soi et de d\u00e9tecter le cancer du sein \u00e0 temps<\/strong>.<br data-start=\"322\" data-end=\"325\">Cette ann\u00e9e, nous souhaitons mettre en lumi\u00e8re un geste simple mais crucial : <strong data-start=\"403\" data-end=\"432\">l\u2019auto\u2011palpation mammaire<\/strong>.<\/p>\n<p data-start=\"437\" data-end=\"731\">Le cancer du sein est le plus fr\u00e9quent chez la femme, mais <strong data-start=\"496\" data-end=\"549\">d\u00e9tect\u00e9 t\u00f4t, il peut \u00eatre gu\u00e9ri dans 9 cas sur 10<\/strong>. L\u2019auto\u2011palpation, r\u00e9alis\u00e9e r\u00e9guli\u00e8rement, permet de <strong data-start=\"603\" data-end=\"662\">rep\u00e9rer tout changement suspect d\u00e8s les premiers stades<\/strong>. C\u2019est un acte d\u2019amour pour soi, un geste de pr\u00e9vention essentiel.<\/p>\n<p data-start=\"733\" data-end=\"1021\">\u00c0 travers cette vid\u00e9o de sensibilisation, nous vous montrons <strong data-start=\"794\" data-end=\"845\">comment pratiquer l\u2019auto\u2011palpation correctement<\/strong>, afin de mieux conna\u00eetre votre corps et agir rapidement en cas d\u2019anomalie.<br data-start=\"920\" data-end=\"923\">Rappelez-vous : chaque geste compte <img decoding=\"async\" draggable=\"false\" role=\"img\" class=\"emoji\" alt=\"\ud83d\udc97\" src=\"https:\/\/s.w.org\/images\/core\/emoji\/16.0.1\/svg\/1f497.svg\">.<\/p><p data-start=\"733\" data-end=\"1021\">&nbsp;S\u2019aimer, se conna\u00eetre et se d\u00e9pister, c\u2019est se prot\u00e9ger.<\/p>\t\t\t\t\t\t\t\t<\/div>\n\t\t\t\t<\/div>\n\t\t\t\t\t<\/div>\n\t\t<\/div>\n\t\t\t\t\t<\/div>\n\t\t<\/section>\n\t\t\t\t<section class=\"elementor-section elementor-top-section elementor-element elementor-element-0887fcf pbmit-col-stretched-none pbmit-bg-color-over-image elementor-section-boxed elementor-section-height-default elementor-section-height-default\" data-id=\"0887fcf\" data-element_type=\"section\" data-e-type=\"section\">\n\t\t\t\t\t\t<div class=\"elementor-container elementor-column-gap-default\">\n\t\t\t\t\t<div class=\"elementor-column elementor-col-100 elementor-top-column elementor-element elementor-element-4b803b8 pbmit-bg-color-over-image\" data-id=\"4b803b8\" data-element_type=\"column\" data-e-type=\"column\">\n\t\t\t<div class=\"elementor-widget-wrap elementor-element-populated\">\n\t\t\t\t\t\t<div class=\"elementor-element elementor-element-cf7689e elementor-widget elementor-widget-spacer\" data-id=\"cf7689e\" data-element_type=\"widget\" data-e-type=\"widget\" data-widget_type=\"spacer.default\">\n\t\t\t\t<div class=\"elementor-widget-container\">\n\t\t\t\t\t\t\t<div class=\"elementor-spacer\">\n\t\t\t<div class=\"elementor-spacer-inner\"><\/div>\n\t\t<\/div>\n\t\t\t\t\t\t<\/div>\n\t\t\t\t<\/div>\n\t\t\t\t\t<\/div>\n\t\t<\/div>\n\t\t\t\t\t<\/div>\n\t\t<\/section>\n\t\t\t\t<\/div>","protected":false},"excerpt":{"rendered":"<p>Octobre Rose : Ensemble contre le cancer du sein 15-10-2025 https:\/\/lamddk.com\/wp-content\/uploads\/2025\/10\/558007349_1195967609243472_8323006495440937977_n.mp4 Chaque mois d\u2019octobre, Octobre Rose nous rappelle l\u2019importance de prendre soin de soi et de d\u00e9tecter le cancer du sein \u00e0 temps.Cette ann\u00e9e, nous souhaitons mettre en lumi\u00e8re un geste simple mais crucial : l\u2019auto\u2011palpation mammaire. Le cancer du sein est le plus fr\u00e9quent [&hellip;]<\/p>\n","protected":false},"author":1,"featured_media":0,"parent":0,"menu_order":27,"comment_status":"closed","ping_status":"closed","template":"","meta":{"_acf_changed":false,"inline_featured_image":false,"footnotes":""},"class_list":["post-822","page","type-page","status-publish","hentry"],"acf":[],"_links":{"self":[{"href":"https:\/\/lamddk.com\/en\/wp-json\/wp\/v2\/pages\/822","targetHints":{"allow":["GET"]}}],"collection":[{"href":"https:\/\/lamddk.com\/en\/wp-json\/wp\/v2\/pages"}],"about":[{"href":"https:\/\/lamddk.com\/en\/wp-json\/wp\/v2\/types\/page"}],"author":[{"embeddable":true,"href":"https:\/\/lamddk.com\/en\/wp-json\/wp\/v2\/users\/1"}],"replies":[{"embeddable":true,"href":"https:\/\/lamddk.com\/en\/wp-json\/wp\/v2\/comments?post=822"}],"version-history":[{"count":36,"href":"https:\/\/lamddk.com\/en\/wp-json\/wp\/v2\/pages\/822\/revisions"}],"predecessor-version":[{"id":4817,"href":"https:\/\/lamddk.com\/en\/wp-json\/wp\/v2\/pages\/822\/revisions\/4817"}],"wp:attachment":[{"href":"https:\/\/lamddk.com\/en\/wp-json\/wp\/v2\/media?parent=822"}],"curies":[{"name":"wp","href":"https:\/\/api.w.org\/{rel}","templated":true}]}}