{"id":446,"date":"2024-07-30T05:37:53","date_gmt":"2024-07-30T05:37:53","guid":{"rendered":"https:\/\/lamddk.com\/wp\/?page_id=446"},"modified":"2025-03-11T10:24:57","modified_gmt":"2025-03-11T10:24:57","slug":"claim","status":"publish","type":"page","link":"https:\/\/lamddk.com\/en\/claim\/","title":{"rendered":"Claims"},"content":{"rendered":"<div data-elementor-type=\"wp-page\" data-elementor-id=\"446\" class=\"elementor elementor-446\" data-elementor-post-type=\"page\">\n\t\t\t\t\t\t<section class=\"elementor-section elementor-top-section elementor-element elementor-element-6d11b2d pbmit-col-stretched-none pbmit-bg-color-over-image elementor-section-boxed elementor-section-height-default elementor-section-height-default\" data-id=\"6d11b2d\" data-element_type=\"section\" data-e-type=\"section\">\n\t\t\t\t\t\t<div class=\"elementor-container elementor-column-gap-default\">\n\t\t\t\t\t<div class=\"elementor-column elementor-col-100 elementor-top-column elementor-element elementor-element-a82d464 pbmit-bg-color-over-image\" data-id=\"a82d464\" data-element_type=\"column\" data-e-type=\"column\">\n\t\t\t<div class=\"elementor-widget-wrap elementor-element-populated\">\n\t\t\t\t\t\t<div class=\"elementor-element elementor-element-bcf87fe elementor-widget elementor-widget-spacer\" data-id=\"bcf87fe\" data-element_type=\"widget\" data-e-type=\"widget\" data-widget_type=\"spacer.default\">\n\t\t\t\t<div class=\"elementor-widget-container\">\n\t\t\t\t\t\t\t<div class=\"elementor-spacer\">\n\t\t\t<div class=\"elementor-spacer-inner\"><\/div>\n\t\t<\/div>\n\t\t\t\t\t\t<\/div>\n\t\t\t\t<\/div>\n\t\t\t\t\t<\/div>\n\t\t<\/div>\n\t\t\t\t\t<\/div>\n\t\t<\/section>\n\t\t\t\t<section class=\"elementor-section elementor-top-section elementor-element elementor-element-041181f elementor-section-content-middle pbmit-col-stretched-none pbmit-bg-color-over-image elementor-section-boxed elementor-section-height-default elementor-section-height-default\" data-id=\"041181f\" data-element_type=\"section\" data-e-type=\"section\">\n\t\t\t\t\t\t<div class=\"elementor-container elementor-column-gap-default\">\n\t\t\t\t\t<div class=\"elementor-column elementor-col-50 elementor-top-column elementor-element elementor-element-a11df15 pbmit-bg-color-over-image\" data-id=\"a11df15\" data-element_type=\"column\" data-e-type=\"column\">\n\t\t\t<div class=\"elementor-widget-wrap elementor-element-populated\">\n\t\t\t\t\t\t<div class=\"elementor-element elementor-element-7c441e8 elementor-widget elementor-widget-pbmit_custom_heading\" data-id=\"7c441e8\" data-element_type=\"widget\" data-e-type=\"widget\" data-widget_type=\"pbmit_custom_heading.default\">\n\t\t\t\t<div class=\"elementor-widget-container\">\n\t\t\t\t\t\t<div class=\"pbmit-custom-heading -align animation-style4\"><h2 class=\"pbmit-element-title\">\r\n\t\t\t\r\n\t\t\t\tCLAIMS PROCESS\r\n\t\t\t\r\n\t\t\t<\/h2>\r\n\t\t<\/div>\t\t\t\t<\/div>\n\t\t\t\t<\/div>\n\t\t\t\t<div class=\"elementor-element elementor-element-75f035e elementor-widget elementor-widget-text-editor\" data-id=\"75f035e\" data-element_type=\"widget\" data-e-type=\"widget\" data-widget_type=\"text-editor.default\">\n\t\t\t\t<div class=\"elementor-widget-container\">\n\t\t\t\t\t\t\t\t\t<p>Despite our attention to detail at every stage of the process, from reception to delivery of the result, you may not be satisfied with our services.\u00a0<span style=\"color: #000000;\">services<\/span>\u00a0Please take the time to tell us what you think so that we can take the necessary steps to improve the quality of our services.\u00a0<span style=\"color: #000000;\">services.<\/span><\/p>\t\t\t\t\t\t\t\t<\/div>\n\t\t\t\t<\/div>\n\t\t\t\t<div class=\"elementor-element elementor-element-293a100 elementor-icon-list--layout-traditional elementor-list-item-link-full_width elementor-widget elementor-widget-icon-list\" data-id=\"293a100\" data-element_type=\"widget\" data-e-type=\"widget\" data-widget_type=\"icon-list.default\">\n\t\t\t\t<div class=\"elementor-widget-container\">\n\t\t\t\t\t\t\t<ul class=\"elementor-icon-list-items\">\n\t\t\t\t\t\t\t<li class=\"elementor-icon-list-item\">\n\t\t\t\t\t\t\t\t\t\t<span class=\"elementor-icon-list-text\">1) Registering your claim .<\/span>\n\t\t\t\t\t\t\t\t\t<\/li>\n\t\t\t\t\t\t\t\t<li class=\"elementor-icon-list-item\">\n\t\t\t\t\t\t\t\t\t\t<span class=\"elementor-icon-list-text\">2) Informing the complainant that a complaint has been received.<\/span>\n\t\t\t\t\t\t\t\t\t<\/li>\n\t\t\t\t\t\t\t\t<li class=\"elementor-icon-list-item\">\n\t\t\t\t\t\t\t\t\t\t<span class=\"elementor-icon-list-text\">3) Gathering the necessary information and examining the claim.<\/span>\n\t\t\t\t\t\t\t\t\t<\/li>\n\t\t\t\t\t\t\t\t<li class=\"elementor-icon-list-item\">\n\t\t\t\t\t\t\t\t\t\t<span class=\"elementor-icon-list-text\">4) Definition and implementation of actions to be taken.<\/span>\n\t\t\t\t\t\t\t\t\t<\/li>\n\t\t\t\t\t\t\t\t<li class=\"elementor-icon-list-item\">\n\t\t\t\t\t\t\t\t\t\t<span class=\"elementor-icon-list-text\">5) Informing the complainant of the conclusions of the agreed actions and the state of progress.<\/span>\n\t\t\t\t\t\t\t\t\t<\/li>\n\t\t\t\t\t\t\t\t<li class=\"elementor-icon-list-item\">\n\t\t\t\t\t\t\t\t\t\t<span class=\"elementor-icon-list-text\">6) Closing the claim.<\/span>\n\t\t\t\t\t\t\t\t\t<\/li>\n\t\t\t\t\t\t<\/ul>\n\t\t\t\t\t\t<\/div>\n\t\t\t\t<\/div>\n\t\t\t\t\t<\/div>\n\t\t<\/div>\n\t\t\t\t<div class=\"elementor-column elementor-col-50 elementor-top-column elementor-element elementor-element-da48593 pbmit-bg-color-over-image\" data-id=\"da48593\" data-element_type=\"column\" data-e-type=\"column\">\n\t\t\t<div class=\"elementor-widget-wrap elementor-element-populated\">\n\t\t\t\t\t\t<div class=\"elementor-element elementor-element-10a9325 pbmit-animation-none elementor-widget elementor-widget-image\" data-id=\"10a9325\" data-element_type=\"widget\" data-e-type=\"widget\" data-widget_type=\"image.default\">\n\t\t\t\t<div class=\"elementor-widget-container\">\n\t\t\t\t\t\t\t\t\t\t\t\t\t\t\t<img fetchpriority=\"high\" decoding=\"async\" width=\"847\" height=\"521\" src=\"https:\/\/lamddk.com\/wp-content\/uploads\/2025\/02\/reclamation-850.jpg\" class=\"attachment-large size-large wp-image-3594\" alt=\"\" srcset=\"https:\/\/lamddk.com\/wp-content\/uploads\/2025\/02\/reclamation-850.jpg 850w, https:\/\/lamddk.com\/wp-content\/uploads\/2025\/02\/reclamation-850-300x185.jpg 300w, https:\/\/lamddk.com\/wp-content\/uploads\/2025\/02\/reclamation-850-768x473.jpg 768w, https:\/\/lamddk.com\/wp-content\/uploads\/2025\/02\/reclamation-850-18x12.jpg 18w\" sizes=\"(max-width: 847px) 100vw, 847px\" \/>\t\t\t\t\t\t\t\t\t\t\t\t\t\t\t<\/div>\n\t\t\t\t<\/div>\n\t\t\t\t\t<\/div>\n\t\t<\/div>\n\t\t\t\t\t<\/div>\n\t\t<\/section>\n\t\t\t\t<section class=\"elementor-section elementor-top-section elementor-element elementor-element-b112feb pbmit-col-stretched-none pbmit-bg-color-over-image elementor-section-boxed elementor-section-height-default elementor-section-height-default\" data-id=\"b112feb\" data-element_type=\"section\" data-e-type=\"section\">\n\t\t\t\t\t\t<div class=\"elementor-container elementor-column-gap-default\">\n\t\t\t\t\t<div class=\"elementor-column elementor-col-100 elementor-top-column elementor-element elementor-element-c8b5ce0 pbmit-bg-color-over-image\" data-id=\"c8b5ce0\" data-element_type=\"column\" data-e-type=\"column\">\n\t\t\t<div class=\"elementor-widget-wrap elementor-element-populated\">\n\t\t\t\t\t\t<div class=\"elementor-element elementor-element-2f87373 elementor-widget elementor-widget-spacer\" data-id=\"2f87373\" data-element_type=\"widget\" data-e-type=\"widget\" data-widget_type=\"spacer.default\">\n\t\t\t\t<div class=\"elementor-widget-container\">\n\t\t\t\t\t\t\t<div class=\"elementor-spacer\">\n\t\t\t<div class=\"elementor-spacer-inner\"><\/div>\n\t\t<\/div>\n\t\t\t\t\t\t<\/div>\n\t\t\t\t<\/div>\n\t\t\t\t\t<\/div>\n\t\t<\/div>\n\t\t\t\t\t<\/div>\n\t\t<\/section>\n\t\t\t\t<section class=\"elementor-section elementor-top-section elementor-element elementor-element-e60b0ce pbmit-col-stretched-none pbmit-bg-color-over-image elementor-section-boxed elementor-section-height-default elementor-section-height-default\" data-id=\"e60b0ce\" data-element_type=\"section\" data-e-type=\"section\">\n\t\t\t\t\t\t<div class=\"elementor-container elementor-column-gap-default\">\n\t\t\t\t\t<div class=\"elementor-column elementor-col-100 elementor-top-column elementor-element elementor-element-1b1ebb7 pbmit-bg-color-over-image\" data-id=\"1b1ebb7\" data-element_type=\"column\" data-e-type=\"column\">\n\t\t\t<div class=\"elementor-widget-wrap elementor-element-populated\">\n\t\t\t\t\t\t<div class=\"elementor-element elementor-element-a6d6abb elementor-widget elementor-widget-pbmit_custom_heading\" data-id=\"a6d6abb\" data-element_type=\"widget\" data-e-type=\"widget\" data-widget_type=\"pbmit_custom_heading.default\">\n\t\t\t\t<div class=\"elementor-widget-container\">\n\t\t\t\t\t\t<div class=\"pbmit-custom-heading -align animation-style4\"><h2 class=\"pbmit-element-title\">\r\n\t\t\t\r\n\t\t\t\tCLAIM FORM\r\n\t\t\t\r\n\t\t\t<\/h2>\r\n\t\t<\/div>\t\t\t\t<\/div>\n\t\t\t\t<\/div>\n\t\t\t\t\t<\/div>\n\t\t<\/div>\n\t\t\t\t\t<\/div>\n\t\t<\/section>\n\t\t\t\t<section class=\"elementor-section elementor-top-section elementor-element elementor-element-549e962 pbmit-col-stretched-none pbmit-bg-color-over-image elementor-section-boxed elementor-section-height-default elementor-section-height-default\" data-id=\"549e962\" data-element_type=\"section\" data-e-type=\"section\">\n\t\t\t\t\t\t<div class=\"elementor-container elementor-column-gap-default\">\n\t\t\t\t\t<div class=\"elementor-column elementor-col-100 elementor-top-column elementor-element elementor-element-c29adb2 pbmit-bg-color-over-image\" data-id=\"c29adb2\" data-element_type=\"column\" data-e-type=\"column\">\n\t\t\t<div class=\"elementor-widget-wrap elementor-element-populated\">\n\t\t\t\t\t\t<div class=\"elementor-element elementor-element-835ea23 elementor-widget elementor-widget-html\" data-id=\"835ea23\" data-element_type=\"widget\" data-e-type=\"widget\" data-widget_type=\"html.default\">\n\t\t\t\t<div class=\"elementor-widget-container\">\n\t\t\t\t\t<iframe src=\"https:\/\/docs.google.com\/forms\/d\/e\/1FAIpQLSdEmHLbZYicT2aq9Cg7F3YF0v88BuatdnXsmScpYNmQt0y0iA\/viewform?embedded=true\" \r\n        width=\"100%\" \r\n        height=\"800\" \r\n        frameborder=\"0\" \r\n        marginheight=\"0\" \r\n        marginwidth=\"0\">\r\n    Loading...\r\n<\/iframe>\r\n\t\t\t\t<\/div>\n\t\t\t\t<\/div>\n\t\t\t\t\t<\/div>\n\t\t<\/div>\n\t\t\t\t\t<\/div>\n\t\t<\/section>\n\t\t\t\t<section class=\"elementor-section elementor-top-section elementor-element elementor-element-b0ad631 pbmit-col-stretched-none pbmit-bg-color-over-image elementor-section-boxed elementor-section-height-default elementor-section-height-default\" data-id=\"b0ad631\" data-element_type=\"section\" data-e-type=\"section\">\n\t\t\t\t\t\t<div class=\"elementor-container elementor-column-gap-default\">\n\t\t\t\t\t<div class=\"elementor-column elementor-col-100 elementor-top-column elementor-element elementor-element-49d53e4 pbmit-bg-color-over-image\" data-id=\"49d53e4\" data-element_type=\"column\" data-e-type=\"column\">\n\t\t\t<div class=\"elementor-widget-wrap elementor-element-populated\">\n\t\t\t\t\t\t<div class=\"elementor-element elementor-element-e07e771 elementor-widget elementor-widget-spacer\" data-id=\"e07e771\" data-element_type=\"widget\" data-e-type=\"widget\" data-widget_type=\"spacer.default\">\n\t\t\t\t<div class=\"elementor-widget-container\">\n\t\t\t\t\t\t\t<div class=\"elementor-spacer\">\n\t\t\t<div class=\"elementor-spacer-inner\"><\/div>\n\t\t<\/div>\n\t\t\t\t\t\t<\/div>\n\t\t\t\t<\/div>\n\t\t\t\t\t<\/div>\n\t\t<\/div>\n\t\t\t\t\t<\/div>\n\t\t<\/section>\n\t\t\t\t<section class=\"elementor-section elementor-top-section elementor-element elementor-element-c3eb1b2 pbmit-col-stretched-none pbmit-bg-color-over-image elementor-section-boxed elementor-section-height-default elementor-section-height-default\" data-id=\"c3eb1b2\" data-element_type=\"section\" data-e-type=\"section\" data-settings=\"{&quot;background_background&quot;:&quot;gradient&quot;}\">\n\t\t\t\t\t\t\t<div class=\"elementor-background-overlay\"><\/div>\n\t\t\t\t\t\t\t<div class=\"elementor-container elementor-column-gap-no\">\n\t\t\t\t\t<div class=\"elementor-column elementor-col-100 elementor-top-column elementor-element elementor-element-f04e054 pbmit-bg-color-yes pbmit-elementor-bg-color-secondary pbmit-text-color-white pbmit-bg-image-over-color\" data-id=\"f04e054\" data-element_type=\"column\" data-e-type=\"column\" data-settings=\"{&quot;background_background&quot;:&quot;gradient&quot;}\">\n\t\t\t<div class=\"elementor-widget-wrap elementor-element-populated\">\n\t\t\t\t\t\t<div class=\"elementor-element elementor-element-a6b83f2 elementor-widget elementor-widget-pbmit_icon_heading\" data-id=\"a6b83f2\" data-element_type=\"widget\" data-e-type=\"widget\" data-widget_type=\"pbmit_icon_heading.default\">\n\t\t\t\t<div class=\"elementor-widget-container\">\n\t\t\t\t\t<div class=\"pbmit-ihbox pbmit-ihbox-style-17\"><div class=\"pbmit-ihbox-box\">\r\n\t<div class=\"pbmit-ihbox-icon\"><div class=\"pbmit-ihbox-icon-wrapper pbmit-icon-type-icon\"><i class=\"pbmit-xcare-icon pbmit-xcare-icon-appointment\"><\/i><\/div><\/div>\t<div class=\"pbmit-ihbox-contents\">\r\n\t\t\t\t<h2 class=\"pbmit-element-title\">Are you looking for professionals and medical analyses you can trust?\n<\/h2>\t\t<div class=\"pbmit-element-heading\">\r\n\t\t\t\t\t\r\n\t\t\t\t\t\tDon't hesitate to contact us.\r\n\t\t\t\t\t\r\n\t\t\t\t\t<\/div>\r\n\t\t\t\t\t\t\t<\/div>\r\n\t<div class=\"pbmit-ihbox-btn\"><a href=\"https:\/\/www.med.tn\/rendez-vous\/mme-douha-derouiche-kallel\/215802\" target=\"_blank\" rel=\"noopener\"><span class=\"pbmit-button-text\">Make an appointment<\/span><span class=\"pbmit-button-icon-wrapper\"><span class=\"pbmit-button-icon\"><i class=\"pbmit-base-icon-black-arrow-1\"><\/i><\/span><\/span><\/a><\/div><\/div><\/div>\t\t\t\t<\/div>\n\t\t\t\t<\/div>\n\t\t\t\t\t<\/div>\n\t\t<\/div>\n\t\t\t\t\t<\/div>\n\t\t<\/section>\n\t\t\t\t<\/div>","protected":false},"excerpt":{"rendered":"<p>PROCESSUS DE R\u00c9CLAMATION Malgr\u00e9 notre attention \u00e0 toutes les \u00e9tapes de la cha\u00eene qui va de l\u2019accueil \u00e0 la remise du r\u00e9sultat, il est possible que vous ne soyez pas satisfait de nos\u00a0prestations\u00a0ou que vous ayez une proposition d\u2019am\u00e9lioration.Nous vous prions de prendre le temps de nous exprimer ce qui pourra nous permettre de mettre [&hellip;]<\/p>\n","protected":false},"author":1,"featured_media":0,"parent":0,"menu_order":0,"comment_status":"closed","ping_status":"closed","template":"","meta":{"_acf_changed":false,"inline_featured_image":false,"footnotes":""},"class_list":["post-446","page","type-page","status-publish","hentry"],"acf":[],"_links":{"self":[{"href":"https:\/\/lamddk.com\/en\/wp-json\/wp\/v2\/pages\/446","targetHints":{"allow":["GET"]}}],"collection":[{"href":"https:\/\/lamddk.com\/en\/wp-json\/wp\/v2\/pages"}],"about":[{"href":"https:\/\/lamddk.com\/en\/wp-json\/wp\/v2\/types\/page"}],"author":[{"embeddable":true,"href":"https:\/\/lamddk.com\/en\/wp-json\/wp\/v2\/users\/1"}],"replies":[{"embeddable":true,"href":"https:\/\/lamddk.com\/en\/wp-json\/wp\/v2\/comments?post=446"}],"version-history":[{"count":6,"href":"https:\/\/lamddk.com\/en\/wp-json\/wp\/v2\/pages\/446\/revisions"}],"predecessor-version":[{"id":4054,"href":"https:\/\/lamddk.com\/en\/wp-json\/wp\/v2\/pages\/446\/revisions\/4054"}],"wp:attachment":[{"href":"https:\/\/lamddk.com\/en\/wp-json\/wp\/v2\/media?parent=446"}],"curies":[{"name":"wp","href":"https:\/\/api.w.org\/{rel}","templated":true}]}}